{"id":4232,"date":"2021-04-30T17:45:35","date_gmt":"2021-04-30T15:45:35","guid":{"rendered":"https:\/\/frank-goes-walkabout.com\/walkabout-nach-tibet-temp\/"},"modified":"2024-09-12T19:05:21","modified_gmt":"2024-09-12T17:05:21","slug":"frank","status":"publish","type":"page","link":"https:\/\/frank-goes-walkabout.com\/en\/","title":{"rendered":"Frank"},"content":{"rendered":"<p>[vc_row css_animation=&#8221;fadeIn&#8221;][vc_column]\n\t\t\t<!-- START Frank Goes Walkabout  Steig in das Abenteuer ein REVOLUTION SLIDER 6.6.18 --><p class=\"rs-p-wp-fix\"><\/p>\n\t\t\t<rs-module-wrap id=\"rev_slider_1_1_wrapper\" data-source=\"gallery\" style=\"visibility:hidden;background:#222222;padding:0;\">\n\t\t\t\t<rs-module id=\"rev_slider_1_1\" style=\"\" data-version=\"6.6.18\">\n\t\t\t\t\t<rs-slides style=\"overflow: hidden; position: absolute;\">\n\t\t\t\t\t\t<rs-slide style=\"position: absolute;\" data-key=\"rs-2\" data-title=\"Slide\" data-duration=\"6500ms\" data-in=\"o:0;\" data-out=\"a:false;\">\n\t\t\t\t\t\t\t<img decoding=\"async\" src=\"\/\/frank-goes-walkabout.com\/wp-content\/plugins\/revslider\/public\/assets\/assets\/dummy.png\" alt=\"Es ist alles nur Fassade. Durchschaue die L\u00fcgen.\" title=\"Frank Goes Walkabout &#8211; Dawn is coming\" width=\"1600\" height=\"1066\" class=\"rev-slidebg tp-rs-img rs-lazyload\" data-lazyload=\"\/\/frank-goes-walkabout.com\/wp-content\/uploads\/2023\/02\/frank-goes-walkabout-titelbild-1600px-2b.jpg\" data-parallax=\"off\" data-panzoom=\"d:10000ms;ss:115%;se:100;\" data-no-retina>\n<!--\n\t\t\t\t\t\t\t--><rs-layer\n\t\t\t\t\t\t\t\tid=\"slider-1-slide-2-layer-1\" \n\t\t\t\t\t\t\t\tclass=\"custom-font-aceserif-pro tp-shape tp-shapewrapper rs-pxl-4 rs-pxmask\"\n\t\t\t\t\t\t\t\tdata-type=\"shape\"\n\t\t\t\t\t\t\t\tdata-xy=\"x:c;y:m;\"\n\t\t\t\t\t\t\t\tdata-text=\"fw:100;\"\n\t\t\t\t\t\t\t\tdata-dim=\"w:100%;h:100%;\"\n\t\t\t\t\t\t\t\tdata-basealign=\"slide\"\n\t\t\t\t\t\t\t\tdata-rsp_o=\"off\"\n\t\t\t\t\t\t\t\tdata-wrpcls=\"custom-font-aceserif-pro\"\n\t\t\t\t\t\t\t\tdata-rsp_bd=\"off\"\n\t\t\t\t\t\t\t\tdata-sba=\"t:true;\"\n\t\t\t\t\t\t\t\tdata-frame_1=\"e:power2.inOut;sp:2000;\"\n\t\t\t\t\t\t\t\tdata-frame_999=\"o:0;e:nothing;st:w;sp:500;sR:7000;\"\n\t\t\t\t\t\t\t\tstyle=\"z-index:6;background-color:rgba(51,51,51,0.15);\"\n\t\t\t\t\t\t\t><rs-bg-elem style=\"background: url('\/\/frank-goes-walkabout.com\/wp-content\/uploads\/2023\/02\/frank-goes-walkabout-titelbild-1600px-2b.jpg') no-repeat center center; background-size: cover;\"><\/rs-bg-elem>\n \n\t\t\t\t\t\t\t<\/rs-layer><!--\n\n\t\t\t\t\t\t\t--><rs-layer\n\t\t\t\t\t\t\t\tid=\"slider-1-slide-2-layer-2\" \n\t\t\t\t\t\t\t\tclass=\"custom-font-aceserif-pro Agency-Title\"\n\t\t\t\t\t\t\t\tdata-type=\"text\"\n\t\t\t\t\t\t\t\tdata-color=\"rgba(255,255,255,1)\"\n\t\t\t\t\t\t\t\tdata-rsp_ch=\"on\"\n\t\t\t\t\t\t\t\tdata-xy=\"x:c;y:m;yo:-123px,-123px,-108px,-107px;\"\n\t\t\t\t\t\t\t\tdata-text=\"w:normal,normal,nowrap,nowrap;s:70,70,50,40;l:70,70,50,40;ls:10px,10px,10px,5px;fw:600;a:center;\"\n\t\t\t\t\t\t\t\tdata-wrpcls=\"custom-font-aceserif-pro\"\n\t\t\t\t\t\t\t\tdata-frame_0=\"y:-100%;o:1;\"\n\t\t\t\t\t\t\t\tdata-frame_0_mask=\"u:t;\"\n\t\t\t\t\t\t\t\tdata-frame_1=\"st:1250;sp:2000;sR:1250;\"\n\t\t\t\t\t\t\t\tdata-frame_1_mask=\"u:t;\"\n\t\t\t\t\t\t\t\tdata-frame_999=\"o:0;e:nothing;st:w;sR:5750;\"\n\t\t\t\t\t\t\t\tstyle=\"z-index:9;font-family:'custom-font-bandung-pro';\"\n\t\t\t\t\t\t\t>Frank Goes Walkabout \n\t\t\t\t\t\t\t<\/rs-layer><!--\n\n\t\t\t\t\t\t\t--><rs-layer\n\t\t\t\t\t\t\t\tid=\"slider-1-slide-2-layer-4\" \n\t\t\t\t\t\t\t\tclass=\"custom-font-havana-sunset Agency-SubTitle\"\n\t\t\t\t\t\t\t\tdata-type=\"text\"\n\t\t\t\t\t\t\t\tdata-color=\"rgba(255,255,255,1)\"\n\t\t\t\t\t\t\t\tdata-rsp_ch=\"on\"\n\t\t\t\t\t\t\t\tdata-xy=\"x:c;y:m;yo:-5px,-41px,-46px,-45px;\"\n\t\t\t\t\t\t\t\tdata-text=\"w:normal,nowrap,normal,normal;s:95,80,70,50;l:105,80,70,50;a:center;\"\n\t\t\t\t\t\t\t\tdata-dim=\"w:auto,auto,480px,360px;\"\n\t\t\t\t\t\t\t\tdata-wrpcls=\"custom-font-havana-sunset\"\n\t\t\t\t\t\t\t\tdata-frame_0=\"y:264px;\"\n\t\t\t\t\t\t\t\tdata-frame_1=\"e:power2.inOut;st:1500;sp:2000;sR:1500;\"\n\t\t\t\t\t\t\t\tdata-frame_999=\"o:0;e:nothing;st:w;sR:5500;\"\n\t\t\t\t\t\t\t\tstyle=\"z-index:10;font-family:'Georgia', 'serif';font-style:italic;\"\n\t\t\t\t\t\t\t>Life is a Dream \n\t\t\t\t\t\t\t<\/rs-layer><!--\n\n\t\t\t\t\t\t\t--><rs-layer\n\t\t\t\t\t\t\t\tid=\"slider-1-slide-2-layer-6\" \n\t\t\t\t\t\t\t\tclass=\"tp-shape tp-shapewrapper\"\n\t\t\t\t\t\t\t\tdata-type=\"shape\"\n\t\t\t\t\t\t\t\tdata-rsp_ch=\"on\"\n\t\t\t\t\t\t\t\tdata-xy=\"x:c;y:m;yo:-181px,-156px,-156px,-156px;\"\n\t\t\t\t\t\t\t\tdata-dim=\"w:100px;h:2px;\"\n\t\t\t\t\t\t\t\tdata-frame_0=\"x:-100%;o:1;\"\n\t\t\t\t\t\t\t\tdata-frame_0_mask=\"u:t;\"\n\t\t\t\t\t\t\t\tdata-frame_1=\"st:1000;sp:2000;sR:1000;\"\n\t\t\t\t\t\t\t\tdata-frame_1_mask=\"u:t;\"\n\t\t\t\t\t\t\t\tdata-frame_999=\"o:0;e:nothing;st:w;sR:6000;\"\n\t\t\t\t\t\t\t\tstyle=\"z-index:8;background-color:rgba(255,255,255,1);\"\n\t\t\t\t\t\t\t> \n\t\t\t\t\t\t\t<\/rs-layer><!--\n\n\t\t\t\t\t\t\t--><rs-layer\n\t\t\t\t\t\t\t\tid=\"slider-1-slide-2-layer-15\" \n\t\t\t\t\t\t\t\tclass=\"rs-layer-video intrinsic-ignore\"\n\t\t\t\t\t\t\t\tdata-type=\"video\"\n\t\t\t\t\t\t\t\tdata-xy=\"x:c;y:m;\"\n\t\t\t\t\t\t\t\tdata-text=\"l:22;\"\n\t\t\t\t\t\t\t\tdata-dim=\"w:854px,720px,480px,360px;h:480px,405px,270px,203px;\"\n\t\t\t\t\t\t\t\tdata-rsp_o=\"off\"\n\t\t\t\t\t\t\t\tdata-rsp_bd=\"off\"\n\t\t\t\t\t\t\t\tdata-video=\"twa:false;ap:false;v:100;vd:100;rwd:f;l:false;ptimer:false;nse:f;sav:f;vc:t;\"\n\t\t\t\t\t\t\t\tdata-poster=\"\/\/frank-goes-walkabout.com\/wp-content\/uploads\/revslider\/video-media\/frank-goes-walkabout-video-1-griechenland-reise-des-lebens-480p-website_1_layer.jpeg\"\n\t\t\t\t\t\t\t\tdata-ytid=\"4zmzCQGWI00\"\n\t\t\t\t\t\t\t\tdata-vatr=\"version=3&amp;enablejsapi=1&amp;html5=1&amp;volume=100&amp;hd=1&amp;wmode=opaque&amp;showinfo=0&amp;rel=0&amp;origin=https:\/\/frank-goes-walkabout.com;\"\n\t\t\t\t\t\t\t\tdata-frame_0=\"sX:0.9;sY:0.9;\"\n\t\t\t\t\t\t\t\tdata-frame_1=\"st:a;sp:1500;sR:4500;\"\n\t\t\t\t\t\t\t\tdata-frame_999=\"st:a;sR:3000;auto:true;\"\n\t\t\t\t\t\t\t\tstyle=\"z-index:13;\"\n\t\t\t\t\t\t\t>\n\t\t\t\t\t\t\t<\/rs-layer><!--\n\n\t\t\t\t\t\t\t--><rs-layer\n\t\t\t\t\t\t\t\tid=\"slider-1-slide-2-layer-17\" \n\t\t\t\t\t\t\t\tclass=\"Agency-PlayBtn rev-btn\"\n\t\t\t\t\t\t\t\tdata-type=\"button\"\n\t\t\t\t\t\t\t\tdata-color=\"rgba(255,255,255,1)\"\n\t\t\t\t\t\t\t\tdata-rsp_ch=\"on\"\n\t\t\t\t\t\t\t\tdata-xy=\"x:c;y:m;yo:91px,53px,38px,39px;\"\n\t\t\t\t\t\t\t\tdata-text=\"s:30;l:74,71,71,71;fw:100,400,400,400;a:center;\"\n\t\t\t\t\t\t\t\tdata-dim=\"w:80px,75px,75px,75px;\"\n\t\t\t\t\t\t\t\tdata-actions='o:mouseenter;a:startlayer;layer:slider-1-slide-2-layer-18;||o:mouseleave;a:stoplayer;layer:slider-1-slide-2-layer-18;||o:click;a:startlayer;layer:slider-1-slide-2-layer-15;||o:click;a:startlayer;layer:slider-1-slide-2-layer-19;||o:click;a:startlayer;layer:slider-1-slide-2-layer-20;d:1000;||o:click;a:playvideo;layer:slider-1-slide-2-layer-15;d:1000;'\n\t\t\t\t\t\t\t\tdata-border=\"bos:solid;boc:rgba(255,255,255,1);bow:2px,2px,2px,2px;bor:100px,100px,100px,100px;\"\n\t\t\t\t\t\t\t\tdata-frame_0=\"sX:0.9;sY:0.9;\"\n\t\t\t\t\t\t\t\tdata-frame_1=\"st:2000;sp:2000;sR:2000;\"\n\t\t\t\t\t\t\t\tdata-frame_999=\"o:0;e:nothing;st:w;sR:5000;\"\n\t\t\t\t\t\t\t\tdata-frame_hover=\"sX:1.1;sY:1.1;boc:#fff;bor:100px,100px,100px,100px;bos:solid;bow:2px,2px,2px,2px;oX:50;oY:50;sp:500;e:power1.inOut;\"\n\t\t\t\t\t\t\t\tstyle=\"z-index:11;font-family:'Lato';cursor:pointer;outline:none;box-shadow:none;box-sizing:border-box;-moz-box-sizing:border-box;-webkit-box-sizing:border-box;\"\n\t\t\t\t\t\t\t><i class=\"fa-play\"><\/i> \n\t\t\t\t\t\t\t<\/rs-layer><!--\n\n\t\t\t\t\t\t\t--><rs-layer\n\t\t\t\t\t\t\t\tid=\"slider-1-slide-2-layer-18\" \n\t\t\t\t\t\t\t\tclass=\"custom-font-aceserif-pro Agency-SmallText\"\n\t\t\t\t\t\t\t\tdata-type=\"text\"\n\t\t\t\t\t\t\t\tdata-color=\"rgba(255,255,255,1)\"\n\t\t\t\t\t\t\t\tdata-rsp_ch=\"on\"\n\t\t\t\t\t\t\t\tdata-xy=\"x:c;xo:2px,0,0,0;y:m;yo:160px,116px,102px,102px;\"\n\t\t\t\t\t\t\t\tdata-text=\"s:12;l:12;ls:5px;fw:900;\"\n\t\t\t\t\t\t\t\tdata-wrpcls=\"custom-font-aceserif-pro\"\n\t\t\t\t\t\t\t\tdata-frame_0=\"o:1;\"\n\t\t\t\t\t\t\t\tdata-frame_0_chars=\"d:5;y:100%;o:0;rX:0deg;\"\n\t\t\t\t\t\t\t\tdata-frame_0_mask=\"u:t;\"\n\t\t\t\t\t\t\t\tdata-frame_1=\"e:power2.inOut;st:a;sp:500;sR:2250;\"\n\t\t\t\t\t\t\t\tdata-frame_1_chars=\"d:5;\"\n\t\t\t\t\t\t\t\tdata-frame_1_mask=\"u:t;\"\n\t\t\t\t\t\t\t\tdata-frame_999=\"y:-100%;e:nothing;st:a;sp:500;sR:5850;\"\n\t\t\t\t\t\t\t\tdata-frame_999_mask=\"u:t;\"\n\t\t\t\t\t\t\t\tstyle=\"z-index:12;font-family:'Lato';\"\n\t\t\t\t\t\t\t>INTRO \n\t\t\t\t\t\t\t<\/rs-layer><!--\n\n\t\t\t\t\t\t\t--><rs-layer\n\t\t\t\t\t\t\t\tid=\"slider-1-slide-2-layer-19\" \n\t\t\t\t\t\t\t\tclass=\"tp-shape tp-shapewrapper\"\n\t\t\t\t\t\t\t\tdata-type=\"shape\"\n\t\t\t\t\t\t\t\tdata-xy=\"x:c;y:m;\"\n\t\t\t\t\t\t\t\tdata-text=\"fw:100;\"\n\t\t\t\t\t\t\t\tdata-dim=\"w:100%;h:100%;\"\n\t\t\t\t\t\t\t\tdata-basealign=\"slide\"\n\t\t\t\t\t\t\t\tdata-rsp_o=\"off\"\n\t\t\t\t\t\t\t\tdata-rsp_bd=\"off\"\n\t\t\t\t\t\t\t\tdata-frame_1=\"e:power2.inOut;st:a;sp:2000;sR:4500;\"\n\t\t\t\t\t\t\t\tdata-frame_999=\"o:0;e:nothing;st:a;sp:500;sR:2500;\"\n\t\t\t\t\t\t\t\tstyle=\"z-index:7;background-color:rgba(0,0,0,0.75);\"\n\t\t\t\t\t\t\t> \n\t\t\t\t\t\t\t<\/rs-layer><!--\n\n\t\t\t\t\t\t\t--><rs-layer\n\t\t\t\t\t\t\t\tid=\"slider-1-slide-2-layer-20\" \n\t\t\t\t\t\t\t\tclass=\"Agency-CloseBtn rev-btn\"\n\t\t\t\t\t\t\t\tdata-type=\"button\"\n\t\t\t\t\t\t\t\tdata-color=\"rgba(255,255,255,1)\"\n\t\t\t\t\t\t\t\tdata-xy=\"x:c;xo:510px,389px,270px,199px;y:m;yo:-298px,-229px,-163px,-118px;\"\n\t\t\t\t\t\t\t\tdata-text=\"s:50;l:50;fw:500;a:center;\"\n\t\t\t\t\t\t\t\tdata-dim=\"w:50px;\"\n\t\t\t\t\t\t\t\tdata-actions='o:click;a:stoplayer;layer:slider-1-slide-2-layer-15;||o:click;a:stoplayer;layer:slider-1-slide-2-layer-19;||o:click;a:stoplayer;layer:slider-1-slide-2-layer-20;'\n\t\t\t\t\t\t\t\tdata-rsp_bd=\"off\"\n\t\t\t\t\t\t\t\tdata-border=\"bor:100px,100px,100px,100px;\"\n\t\t\t\t\t\t\t\tdata-frame_0=\"sX:0.9;sY:0.9;rZ:45deg;\"\n\t\t\t\t\t\t\t\tdata-frame_1=\"st:a;sp:500;sR:4500;\"\n\t\t\t\t\t\t\t\tdata-frame_999=\"st:a;sp:500;sR:4000;auto:true;\"\n\t\t\t\t\t\t\t\tdata-frame_hover=\"sX:1.1;sY:1.1;bor:100px,100px,100px,100px;oX:50;oY:50;sp:500;e:power1.inOut;\"\n\t\t\t\t\t\t\t\tstyle=\"z-index:14;font-family:'Roboto';cursor:pointer;outline:none;box-shadow:none;box-sizing:border-box;-moz-box-sizing:border-box;-webkit-box-sizing:border-box;\"\n\t\t\t\t\t\t\t><i class=\"pe-7s-close\"><\/i> \n\t\t\t\t\t\t\t<\/rs-layer><!--\n-->\t\t\t\t\t\t<\/rs-slide>\n\t\t\t\t\t<\/rs-slides>\n\t\t\t\t<\/rs-module>\n\t\t\t\t<script>\n\t\t\t\t\tsetREVStartSize({c: 'rev_slider_1_1',rl:[1240,1024,778,480],el:[868,768,960,720],gw:[1240,1024,778,480],gh:[868,768,960,720],type:'hero',justify:'',layout:'fullscreen',offsetContainer:'',offset:'',mh:\"0\"});if (window.RS_MODULES!==undefined && window.RS_MODULES.modules!==undefined && window.RS_MODULES.modules[\"revslider11\"]!==undefined) {window.RS_MODULES.modules[\"revslider11\"].once = false;window.revapi1 = undefined;if (window.RS_MODULES.checkMinimal!==undefined) window.RS_MODULES.checkMinimal()}\n\t\t\t\t<\/script>\n\t\t\t\t<script src=\"https:\/\/www.youtube.com\/iframe_api\"><\/script>\n\t\t\t<\/rs-module-wrap>\n\t\t\t<!-- END REVOLUTION SLIDER -->\n[\/vc_column][\/vc_row][vc_row][vc_column][vc_empty_space height=&#8221;60px&#8221;]<div id=\"ultimate-heading-131769f862cb96919\" class=\"uvc-heading ult-adjust-bottom-margin ultimate-heading-131769f862cb96919 uvc-1906 \" data-hspacer=\"line_only\"  data-halign=\"center\" style=\"text-align:center\"><div class=\"uvc-heading-spacer line_only\" style=\"topheight:40px;\"><span class=\"uvc-headings-line\" style=\"border-style:solid;border-bottom-width:40px;border-color:#ccc;width:1px;\"><\/span><\/div><\/div>[vc_empty_space height=&#8221;30px&#8221;][vc_custom_heading text=&#8221;This goes to &#8230;&#8221; font_container=&#8221;tag:h2|font_size:50px|text_align:center&#8221; use_theme_fonts=&#8221;yes&#8221;][vc_empty_space height=&#8221;10px&#8221;][vc_custom_heading text=&#8221;&#8230; the daydreamers, fantasists, visionaries, hopeful fortune seekers, adventurers, optimists, outsiders, eccentrics, loners, rebels, nonconformist individualists, and extraterrestrials&#8221; font_container=&#8221;tag:h6|text_align:center&#8221; use_theme_fonts=&#8221;yes&#8221;][vc_column_text]<\/p>\n<p style=\"text-align: justify;\">Sometimes life hits you hard, almost knocking you down, right? I know that feeling. It happened to me for years. The good news is: I can change it, every day anew, and if I can, then you can, too.<\/p>\n<p style=\"text-align: justify;\">With this website, I want to inspire you to believe in yourself and your dreams. I dared to do the seemingly impossible for myself, and I&#8217;m still alive. It&#8217;s not always perfect because I&#8217;m still fighting for my freedom. But with each day, each misstep, and each defeat, it gets easier. It becomes easier to take setbacks because I am on the path that I walk from my heart, no matter what.<\/p>\n<p style=\"text-align: justify;\">If you want to see that even an ordinary average guy can surpass himself and find his happiness, then you&#8217;re in the right place. Here, you can flip through my diary:<\/p>\n<p>[\/vc_column_text][vc_empty_space height=&#8221;30px&#8221;][vc_basic_grid post_type=&#8221;post&#8221; max_items=&#8221;3&#8243; grid_id=&#8221;vc_gid:1702311302532-a682abdd-b8c6-0&#8243;][vc_empty_space height=&#8221;30px&#8221;]<div id=\"ultimate-heading-934869f862cb9693b\" class=\"uvc-heading ult-adjust-bottom-margin ultimate-heading-934869f862cb9693b uvc-247 \" data-hspacer=\"line_only\"  data-halign=\"center\" style=\"text-align:center\"><div class=\"uvc-heading-spacer line_only\" style=\"topheight:40px;\"><span class=\"uvc-headings-line\" style=\"border-style:solid;border-bottom-width:40px;border-color:#ccc;width:1px;\"><\/span><\/div><\/div>[vc_empty_space height=&#8221;30px&#8221;][vc_custom_heading text=&#8221;Be Careful With Assumptions&#8221; font_container=&#8221;tag:h2|font_size:50px|text_align:center&#8221; use_theme_fonts=&#8221;yes&#8221;][vc_empty_space height=&#8221;10px&#8221;][vc_custom_heading text=&#8221;NEW ON YOUTUBE: A friend once told me: &#8220;Be careful with assumptions. They can keep you in a mental prison.&#8220; Finally I chose to listen to the silence and this is what happened.&#8221; font_container=&#8221;tag:h6|text_align:center&#8221; use_theme_fonts=&#8221;yes&#8221;][vc_empty_space height=&#8221;30px&#8221;][vc_single_image image=&#8221;4163&#8243; img_size=&#8221;800:450&#8243; alignment=&#8221;center&#8221; onclick=&#8221;custom_link&#8221; img_link_target=&#8221;_blank&#8221; css_animation=&#8221;fadeIn&#8221; link=&#8221;https:\/\/youtu.be\/3bQXEbP2vdM&#8221;][vc_empty_space height=&#8221;60px&#8221;][vc_empty_space height=&#8221;120px&#8221;][\/vc_column][\/vc_row][vc_row][vc_column][\/vc_column][\/vc_row]<\/p>\n","protected":false},"excerpt":{"rendered":"<p>[vc_row css_animation=&#8221;fadeIn&#8221;][vc_column][\/vc_column][\/vc_row][vc_row][vc_column][vc_empty_space height=&#8221;60px&#8221;][vc_empty_space height=&#8221;30px&#8221;][vc_custom_heading text=&#8221;This goes to &#8230;&#8221; font_container=&#8221;tag:h2|font_size:50px|text_align:center&#8221; use_theme_fonts=&#8221;yes&#8221;][vc_empty_space height=&#8221;10px&#8221;][vc_custom_heading text=&#8221;&#8230; the daydreamers, fantasists, visionaries, hopeful fortune seekers, adventurers, optimists, outsiders, eccentrics, loners, rebels, nonconformist individualists, and extraterrestrials&#8221; font_container=&#8221;tag:h6|text_align:center&#8221; use_theme_fonts=&#8221;yes&#8221;][vc_column_text] Sometimes life hits you hard, almost knocking you down, right? I know that feeling. It happened to me for years. The good news is: [&hellip;]<\/p>\n","protected":false},"author":1,"featured_media":3835,"parent":0,"menu_order":0,"comment_status":"closed","ping_status":"closed","template":"template-home.php","meta":{"ngg_post_thumbnail":0,"h5ap_radio_sources":[],"footnotes":""},"class_list":["post-4232","page","type-page","status-publish","has-post-thumbnail","hentry"],"yoast_head":"<!-- This site is optimized with the Yoast SEO Premium plugin v23.3 (Yoast SEO v27.4) - https:\/\/yoast.com\/product\/yoast-seo-premium-wordpress\/ -->\n<title>Frank | Frank Goes Walkabout<\/title>\n<meta name=\"description\" content=\"Raus aus dem Hamsterrad. Rein in den Traum des Lebens! Nimm Deinen Mut zusammen und mach was Du willst! Ist nicht einfach? Geht mir auch so.\" \/>\n<meta name=\"robots\" content=\"index, follow, max-snippet:-1, max-image-preview:large, max-video-preview:-1\" \/>\n<link rel=\"canonical\" href=\"https:\/\/frank-goes-walkabout.com\/en\/\" \/>\n<meta property=\"og:locale\" content=\"en_US\" \/>\n<meta property=\"og:type\" content=\"article\" \/>\n<meta property=\"og:title\" content=\"Frank\" \/>\n<meta property=\"og:description\" content=\"Die Welt ist im Wandel. Willkommen mittendrin! Sch\u00f6nen Gru\u00df von einer Reise um die Welt, zum eigenen Selbst und \u00fcber den Horizont hinaus.\" \/>\n<meta property=\"og:url\" content=\"https:\/\/frank-goes-walkabout.com\/en\/\" \/>\n<meta property=\"og:site_name\" content=\"Frank Goes Walkabout\" \/>\n<meta property=\"article:publisher\" content=\"https:\/\/www.facebook.com\/frank.goes.walkabout\" \/>\n<meta property=\"article:modified_time\" content=\"2024-09-12T17:05:21+00:00\" \/>\n<meta property=\"og:image\" content=\"https:\/\/frank-goes-walkabout.com\/wp-content\/uploads\/2024\/01\/frank-goes-walkabout-georgia-new-year-800px-1.jpg\" \/>\n<meta name=\"twitter:label1\" content=\"Est. reading time\" \/>\n\t<meta name=\"twitter:data1\" content=\"1 minute\" \/>\n<script type=\"application\/ld+json\" class=\"yoast-schema-graph\">{\"@context\":\"https:\\\/\\\/schema.org\",\"@graph\":[{\"@type\":\"WebPage\",\"@id\":\"https:\\\/\\\/frank-goes-walkabout.com\\\/en\\\/\",\"url\":\"https:\\\/\\\/frank-goes-walkabout.com\\\/en\\\/\",\"name\":\"Frank | Frank Goes Walkabout\",\"isPartOf\":{\"@id\":\"https:\\\/\\\/frank-goes-walkabout.com\\\/en\\\/#website\"},\"primaryImageOfPage\":{\"@id\":\"https:\\\/\\\/frank-goes-walkabout.com\\\/en\\\/#primaryimage\"},\"image\":{\"@id\":\"https:\\\/\\\/frank-goes-walkabout.com\\\/en\\\/#primaryimage\"},\"thumbnailUrl\":\"https:\\\/\\\/frank-goes-walkabout.com\\\/wp-content\\\/uploads\\\/2022\\\/07\\\/frank-goes-walkabout-titelbild-1b.jpg\",\"datePublished\":\"2021-04-30T15:45:35+00:00\",\"dateModified\":\"2024-09-12T17:05:21+00:00\",\"description\":\"Raus aus dem Hamsterrad. Rein in den Traum des Lebens! Nimm Deinen Mut zusammen und mach was Du willst! Ist nicht einfach? Geht mir auch so.\",\"breadcrumb\":{\"@id\":\"https:\\\/\\\/frank-goes-walkabout.com\\\/en\\\/#breadcrumb\"},\"inLanguage\":\"en-US\",\"potentialAction\":[{\"@type\":\"ReadAction\",\"target\":[\"https:\\\/\\\/frank-goes-walkabout.com\\\/en\\\/\"]}]},{\"@type\":\"ImageObject\",\"inLanguage\":\"en-US\",\"@id\":\"https:\\\/\\\/frank-goes-walkabout.com\\\/en\\\/#primaryimage\",\"url\":\"https:\\\/\\\/frank-goes-walkabout.com\\\/wp-content\\\/uploads\\\/2022\\\/07\\\/frank-goes-walkabout-titelbild-1b.jpg\",\"contentUrl\":\"https:\\\/\\\/frank-goes-walkabout.com\\\/wp-content\\\/uploads\\\/2022\\\/07\\\/frank-goes-walkabout-titelbild-1b.jpg\",\"width\":1600,\"height\":1067},{\"@type\":\"BreadcrumbList\",\"@id\":\"https:\\\/\\\/frank-goes-walkabout.com\\\/en\\\/#breadcrumb\",\"itemListElement\":[{\"@type\":\"ListItem\",\"position\":1,\"name\":\"Startseite\",\"item\":\"https:\\\/\\\/frank-goes-walkabout.com\\\/en\\\/\"},{\"@type\":\"ListItem\",\"position\":2,\"name\":\"Frank\"}]},{\"@type\":\"WebSite\",\"@id\":\"https:\\\/\\\/frank-goes-walkabout.com\\\/en\\\/#website\",\"url\":\"https:\\\/\\\/frank-goes-walkabout.com\\\/en\\\/\",\"name\":\"Frank Goes Walkabout\",\"description\":\"Life is a Dream!\",\"publisher\":{\"@id\":\"https:\\\/\\\/frank-goes-walkabout.com\\\/en\\\/#\\\/schema\\\/person\\\/93325e90fed21ea4ac7fd3fd3dec8b31\"},\"alternateName\":\"FGW\",\"potentialAction\":[{\"@type\":\"SearchAction\",\"target\":{\"@type\":\"EntryPoint\",\"urlTemplate\":\"https:\\\/\\\/frank-goes-walkabout.com\\\/en\\\/?s={search_term_string}\"},\"query-input\":{\"@type\":\"PropertyValueSpecification\",\"valueRequired\":true,\"valueName\":\"search_term_string\"}}],\"inLanguage\":\"en-US\"},{\"@type\":[\"Person\",\"Organization\"],\"@id\":\"https:\\\/\\\/frank-goes-walkabout.com\\\/en\\\/#\\\/schema\\\/person\\\/93325e90fed21ea4ac7fd3fd3dec8b31\",\"name\":\"Frank D. Lemke\",\"image\":{\"@type\":\"ImageObject\",\"inLanguage\":\"en-US\",\"@id\":\"https:\\\/\\\/frank-goes-walkabout.com\\\/wp-content\\\/uploads\\\/2022\\\/07\\\/frank-goes-walkabout-inspiration-2g.jpg\",\"url\":\"https:\\\/\\\/frank-goes-walkabout.com\\\/wp-content\\\/uploads\\\/2022\\\/07\\\/frank-goes-walkabout-inspiration-2g.jpg\",\"contentUrl\":\"https:\\\/\\\/frank-goes-walkabout.com\\\/wp-content\\\/uploads\\\/2022\\\/07\\\/frank-goes-walkabout-inspiration-2g.jpg\",\"width\":1660,\"height\":1113,\"caption\":\"Frank D. Lemke\"},\"logo\":{\"@id\":\"https:\\\/\\\/frank-goes-walkabout.com\\\/wp-content\\\/uploads\\\/2022\\\/07\\\/frank-goes-walkabout-inspiration-2g.jpg\"},\"sameAs\":[\"https:\\\/\\\/frank-goes-walkabout.com\",\"https:\\\/\\\/www.facebook.com\\\/frank.goes.walkabout\",\"https:\\\/\\\/www.instagram.com\\\/frank_goes_walkabout\\\/\",\"https:\\\/\\\/www.youtube.com\\\/channel\\\/UCYNJ0KnmNbyyBQi-a-XvizA\"]}]}<\/script>\n<!-- \/ Yoast SEO Premium plugin. -->","yoast_head_json":{"title":"Frank | Frank Goes Walkabout","description":"Raus aus dem Hamsterrad. Rein in den Traum des Lebens! Nimm Deinen Mut zusammen und mach was Du willst! Ist nicht einfach? Geht mir auch so.","robots":{"index":"index","follow":"follow","max-snippet":"max-snippet:-1","max-image-preview":"max-image-preview:large","max-video-preview":"max-video-preview:-1"},"canonical":"https:\/\/frank-goes-walkabout.com\/en\/","og_locale":"en_US","og_type":"article","og_title":"Frank","og_description":"Die Welt ist im Wandel. Willkommen mittendrin! Sch\u00f6nen Gru\u00df von einer Reise um die Welt, zum eigenen Selbst und \u00fcber den Horizont hinaus.","og_url":"https:\/\/frank-goes-walkabout.com\/en\/","og_site_name":"Frank Goes Walkabout","article_publisher":"https:\/\/www.facebook.com\/frank.goes.walkabout","article_modified_time":"2024-09-12T17:05:21+00:00","og_image":[{"url":"https:\/\/frank-goes-walkabout.com\/wp-content\/uploads\/2024\/01\/frank-goes-walkabout-georgia-new-year-800px-1.jpg","type":"","width":"","height":""}],"twitter_misc":{"Est. reading time":"1 minute"},"schema":{"@context":"https:\/\/schema.org","@graph":[{"@type":"WebPage","@id":"https:\/\/frank-goes-walkabout.com\/en\/","url":"https:\/\/frank-goes-walkabout.com\/en\/","name":"Frank | Frank Goes Walkabout","isPartOf":{"@id":"https:\/\/frank-goes-walkabout.com\/en\/#website"},"primaryImageOfPage":{"@id":"https:\/\/frank-goes-walkabout.com\/en\/#primaryimage"},"image":{"@id":"https:\/\/frank-goes-walkabout.com\/en\/#primaryimage"},"thumbnailUrl":"https:\/\/frank-goes-walkabout.com\/wp-content\/uploads\/2022\/07\/frank-goes-walkabout-titelbild-1b.jpg","datePublished":"2021-04-30T15:45:35+00:00","dateModified":"2024-09-12T17:05:21+00:00","description":"Raus aus dem Hamsterrad. Rein in den Traum des Lebens! Nimm Deinen Mut zusammen und mach was Du willst! Ist nicht einfach? Geht mir auch so.","breadcrumb":{"@id":"https:\/\/frank-goes-walkabout.com\/en\/#breadcrumb"},"inLanguage":"en-US","potentialAction":[{"@type":"ReadAction","target":["https:\/\/frank-goes-walkabout.com\/en\/"]}]},{"@type":"ImageObject","inLanguage":"en-US","@id":"https:\/\/frank-goes-walkabout.com\/en\/#primaryimage","url":"https:\/\/frank-goes-walkabout.com\/wp-content\/uploads\/2022\/07\/frank-goes-walkabout-titelbild-1b.jpg","contentUrl":"https:\/\/frank-goes-walkabout.com\/wp-content\/uploads\/2022\/07\/frank-goes-walkabout-titelbild-1b.jpg","width":1600,"height":1067},{"@type":"BreadcrumbList","@id":"https:\/\/frank-goes-walkabout.com\/en\/#breadcrumb","itemListElement":[{"@type":"ListItem","position":1,"name":"Startseite","item":"https:\/\/frank-goes-walkabout.com\/en\/"},{"@type":"ListItem","position":2,"name":"Frank"}]},{"@type":"WebSite","@id":"https:\/\/frank-goes-walkabout.com\/en\/#website","url":"https:\/\/frank-goes-walkabout.com\/en\/","name":"Frank Goes Walkabout","description":"Life is a Dream!","publisher":{"@id":"https:\/\/frank-goes-walkabout.com\/en\/#\/schema\/person\/93325e90fed21ea4ac7fd3fd3dec8b31"},"alternateName":"FGW","potentialAction":[{"@type":"SearchAction","target":{"@type":"EntryPoint","urlTemplate":"https:\/\/frank-goes-walkabout.com\/en\/?s={search_term_string}"},"query-input":{"@type":"PropertyValueSpecification","valueRequired":true,"valueName":"search_term_string"}}],"inLanguage":"en-US"},{"@type":["Person","Organization"],"@id":"https:\/\/frank-goes-walkabout.com\/en\/#\/schema\/person\/93325e90fed21ea4ac7fd3fd3dec8b31","name":"Frank D. Lemke","image":{"@type":"ImageObject","inLanguage":"en-US","@id":"https:\/\/frank-goes-walkabout.com\/wp-content\/uploads\/2022\/07\/frank-goes-walkabout-inspiration-2g.jpg","url":"https:\/\/frank-goes-walkabout.com\/wp-content\/uploads\/2022\/07\/frank-goes-walkabout-inspiration-2g.jpg","contentUrl":"https:\/\/frank-goes-walkabout.com\/wp-content\/uploads\/2022\/07\/frank-goes-walkabout-inspiration-2g.jpg","width":1660,"height":1113,"caption":"Frank D. Lemke"},"logo":{"@id":"https:\/\/frank-goes-walkabout.com\/wp-content\/uploads\/2022\/07\/frank-goes-walkabout-inspiration-2g.jpg"},"sameAs":["https:\/\/frank-goes-walkabout.com","https:\/\/www.facebook.com\/frank.goes.walkabout","https:\/\/www.instagram.com\/frank_goes_walkabout\/","https:\/\/www.youtube.com\/channel\/UCYNJ0KnmNbyyBQi-a-XvizA"]}]}},"_links":{"self":[{"href":"https:\/\/frank-goes-walkabout.com\/en\/wp-json\/wp\/v2\/pages\/4232","targetHints":{"allow":["GET"]}}],"collection":[{"href":"https:\/\/frank-goes-walkabout.com\/en\/wp-json\/wp\/v2\/pages"}],"about":[{"href":"https:\/\/frank-goes-walkabout.com\/en\/wp-json\/wp\/v2\/types\/page"}],"author":[{"embeddable":true,"href":"https:\/\/frank-goes-walkabout.com\/en\/wp-json\/wp\/v2\/users\/1"}],"replies":[{"embeddable":true,"href":"https:\/\/frank-goes-walkabout.com\/en\/wp-json\/wp\/v2\/comments?post=4232"}],"version-history":[{"count":4,"href":"https:\/\/frank-goes-walkabout.com\/en\/wp-json\/wp\/v2\/pages\/4232\/revisions"}],"predecessor-version":[{"id":4683,"href":"https:\/\/frank-goes-walkabout.com\/en\/wp-json\/wp\/v2\/pages\/4232\/revisions\/4683"}],"wp:featuredmedia":[{"embeddable":true,"href":"https:\/\/frank-goes-walkabout.com\/en\/wp-json\/wp\/v2\/media\/3835"}],"wp:attachment":[{"href":"https:\/\/frank-goes-walkabout.com\/en\/wp-json\/wp\/v2\/media?parent=4232"}],"curies":[{"name":"wp","href":"https:\/\/api.w.org\/{rel}","templated":true}]}}